{"id":7038,"date":"2023-10-20T06:43:19","date_gmt":"2023-10-20T06:43:19","guid":{"rendered":"https:\/\/ntval.com\/?page_id=7038"},"modified":"2024-10-25T05:45:43","modified_gmt":"2024-10-25T05:45:43","slug":"terms-of-use","status":"publish","type":"page","link":"https:\/\/ntval.com\/fr\/terms-of-use\/","title":{"rendered":"Conditions d'utilisation"},"content":{"rendered":"<div data-elementor-type=\"wp-page\" data-elementor-id=\"7038\" class=\"elementor elementor-7038\" data-elementor-post-type=\"page\">\n\t\t\t\t<div class=\"elementor-element elementor-element-1d3003e hero-3-text-instead-of-buttons-block e-con-full e-flex e-con e-child\" data-id=\"1d3003e\" data-element_type=\"container\" data-e-type=\"container\" data-settings=\"{&quot;background_background&quot;:&quot;classic&quot;}\">\n\t\t<div class=\"elementor-element elementor-element-a4a1c81 e-con-full e-flex e-con e-child\" data-id=\"a4a1c81\" data-element_type=\"container\" data-e-type=\"container\">\n\t\t\t\t<div class=\"elementor-element elementor-element-efd466a elementor-widget elementor-widget-heading\" data-id=\"efd466a\" data-element_type=\"widget\" data-e-type=\"widget\" data-widget_type=\"heading.default\">\n\t\t\t\t\t<h2 class=\"elementor-heading-title elementor-size-default\">Conditions d'utilisation<\/h2>\t\t\t\t<\/div>\n\t\t\t\t<\/div>\n\t\t\t\t<\/div>\n\t\t<div class=\"elementor-element elementor-element-6db6bedc e-flex e-con-boxed e-con e-parent\" data-id=\"6db6bedc\" data-element_type=\"container\" data-e-type=\"container\">\n\t\t\t\t\t<div class=\"e-con-inner\">\n\t\t\t\t<div class=\"elementor-element elementor-element-284270a4 elementor-widget elementor-widget-text-editor\" data-id=\"284270a4\" data-element_type=\"widget\" data-e-type=\"widget\" data-widget_type=\"text-editor.default\">\n\t\t\t\t\t\t\t\t\t<h3>1. G\u00e9n\u00e9ralit\u00e9s, interpr\u00e9tation<\/h3>\n<p>Ce site web est d\u00e9tenu et exploit\u00e9 par NTVAL (ci-apr\u00e8s d\u00e9nomm\u00e9 NTVAL).<\/p>\n<p>Aux fins des pr\u00e9sentes conditions g\u00e9n\u00e9rales, les r\u00e9f\u00e9rences \u00e0 \u201cVous\u201d et \u201cVotre\u201d d\u00e9signent les personnes qui acc\u00e8dent \u00e0 ce site web (y compris les personnes qui acc\u00e8dent \u00e0 ce site au nom d'autres personnes) et le \u201csite web\u201d comprend \u00e9galement le site web mobile et l'application mobile du NTVAL.<\/p>\n<h3>2. Utilisation du site web<\/h3>\n<p>En utilisant ce site web, vous acceptez d'\u00eatre li\u00e9 par les pr\u00e9sentes conditions et d'agir conform\u00e9ment \u00e0 celles-ci, en contrepartie de l'acc\u00e8s au site web tel qu'il est d\u00e9crit ci-dessous. Si vous n'\u00eates pas d'accord avec ces conditions, vous n'\u00eates pas autoris\u00e9 \u00e0 utiliser ce site web et vous vous engagez \u00e0 ne pas y acc\u00e9der.<\/p>\n<h3>3. Utilisation autoris\u00e9e<\/h3>\n<p>L'objectif de ce site est uniquement de vous permettre de consulter la disponibilit\u00e9 des produits et services de NTVAL et de contacter NTVAL, et \u00e0 aucune autre fin.<\/p>\n<p>Vous ne pouvez utiliser ce site Web qu'en conformit\u00e9 avec les pr\u00e9sentes conditions g\u00e9n\u00e9rales et uniquement \u00e0 des fins priv\u00e9es et non commerciales.<\/p>\n<p>En particulier, vous n'\u00eates pas autoris\u00e9 \u00e0<\/p>\n<ul>\n<li>sans l'accord \u00e9crit pr\u00e9alable du NTVAL, utiliser un syst\u00e8me automatis\u00e9, un algorithme ou un logiciel pour surveiller, extraire, rechercher ou copier tout mat\u00e9riel ou toute donn\u00e9e (en tout ou en partie) \u00e0 partir ou par le biais de l'utilisation de ce site Web (\u2018screen scraping\u2019) ;<\/li>\n<li>utiliser un logiciel, une routine ou un dispositif ou prendre des mesures pour interf\u00e9rer ou tenter d'interf\u00e9rer de quelque mani\u00e8re que ce soit avec le fonctionnement de ce site web ou pour cr\u00e9er une charge d\u00e9raisonnable sur ce site web, que cela ait \u00e9t\u00e9 fait intentionnellement ou non ;<\/li>\n<li>tenter d'obtenir ou d'obtenir un acc\u00e8s non autoris\u00e9 \u00e0 l'un des r\u00e9seaux ou comptes du NTVAL ou \u00e0 des informations concernant d'autres utilisateurs ; ou<\/li>\n<li>de cr\u00e9er un lien vers ce site web sans l'accord \u00e9crit pr\u00e9alable du NTVAL.<\/li>\n<\/ul>\n<p>En cas de violation de ces conditions g\u00e9n\u00e9rales par vous, sans pr\u00e9judice de tout autre droit de NTVAL, NTVAL peut annuler vos demandes et achats sans pr\u00e9avis ; et\/ou refuser ou bloquer votre acc\u00e8s \u00e0 ce site web ; ou fixer des conditions sp\u00e9ciales \u00e0 votre acc\u00e8s ou utilisation de ce site web.<\/p>\n<h3>4. Droits de propri\u00e9t\u00e9<\/h3>\n<p>L'ensemble des informations, donn\u00e9es et mat\u00e9riels figurant sur ce site (y compris, mais sans s'y limiter, les logos, l'apparence, la structure, les couleurs et la mise en page de ce site, le code logiciel et les donn\u00e9es et bases de donn\u00e9es sous-jacentes) sont soumis \u00e0 des droits de marque, \u00e0 des droits d'auteur, \u00e0 des droits sur les bases de donn\u00e9es et\/ou \u00e0 d'autres droits de propri\u00e9t\u00e9 intellectuelle enregistr\u00e9s et non enregistr\u00e9s. Toute utilisation ou reproduction des informations, donn\u00e9es ou mat\u00e9riaux pr\u00e9sent\u00e9s sur ce site Web, autre que pour un usage personnel autoris\u00e9 et non commercial, est interdite et constitue une violation des pr\u00e9sentes conditions g\u00e9n\u00e9rales et peut enfreindre les droits de propri\u00e9t\u00e9 intellectuelle du NTVAL ou de ses conc\u00e9dants de licence.<\/p>\n<h3>5. Limitation de la responsabilit\u00e9<\/h3>\n<p>Barterus ne sera pas responsable des pertes ou dommages directs, indirects, sp\u00e9ciaux, punitifs ou cons\u00e9cutifs de quelque nature que ce soit r\u00e9sultant de l'utilisation de ce site web ou de toute information qu'il contient.<\/p>\n<h3>6. Droit applicable et juridiction<\/h3>\n<p>Les pr\u00e9sentes conditions g\u00e9n\u00e9rales et votre utilisation de ce site Web, ainsi que tout litige ou toute r\u00e9clamation d\u00e9coulant de ces questions ou s'y rapportant, sont r\u00e9gis et interpr\u00e9t\u00e9s conform\u00e9ment aux lois de la Chine, et vous acceptez de vous soumettre \u00e0 la juridiction exclusive des tribunaux de Chine. NTVAL se r\u00e9serve le droit d'engager des poursuites contre toute partie ayant enfreint les pr\u00e9sentes conditions g\u00e9n\u00e9rales (\u201cpartie d\u00e9faillante\u201d) devant les tribunaux du lieu de l'infraction, les tribunaux du pays de r\u00e9sidence de la partie d\u00e9faillante, \u00e0 notre seule discr\u00e9tion.<\/p>\n<h3>7. G\u00e9n\u00e9ralit\u00e9s<\/h3>\n<p>Le NTVAL se r\u00e9serve le droit de modifier \u00e0 tout moment et sans pr\u00e9avis toute information ou tout document disponible sur ce site. Le NTVAL peut \u00e9galement modifier les pr\u00e9sentes conditions g\u00e9n\u00e9rales \u00e0 tout moment et sans pr\u00e9avis, et une telle modification sera effective imm\u00e9diatement apr\u00e8s la publication des conditions g\u00e9n\u00e9rales modifi\u00e9es sur le site web, qui sera consid\u00e9r\u00e9e comme accept\u00e9e par vous si vous continuez \u00e0 utiliser le site web.<\/p>\t\t\t\t\t\t\t\t<\/div>\n\t\t\t\t\t<\/div>\n\t\t\t\t<\/div>\n\t\t\t\t<\/div>","protected":false},"excerpt":{"rendered":"<p>Terms of Use 1. General, Interpretation This website is owned and operated by NTVAL (hereinafter referred to as NTVAL). For the purposes of these Terms and Conditions: references to \u201cYou\u201d and \u201cYour\u201d refers to the persons accessing this website (including persons who access this site on the behalf of other persons) and \u201cwebsite\u201d includes also [&hellip;]<\/p>\n","protected":false},"author":9,"featured_media":0,"parent":0,"menu_order":0,"comment_status":"closed","ping_status":"closed","template":"elementor_header_footer","meta":{"site-sidebar-layout":"default","site-content-layout":"","ast-site-content-layout":"default","site-content-style":"default","site-sidebar-style":"default","ast-global-header-display":"","ast-banner-title-visibility":"","ast-main-header-display":"","ast-hfb-above-header-display":"","ast-hfb-below-header-display":"","ast-hfb-mobile-header-display":"","site-post-title":"","ast-breadcrumbs-content":"","ast-featured-img":"","footer-sml-layout":"","theme-transparent-header-meta":"","adv-header-id-meta":"","stick-header-meta":"","header-above-stick-meta":"","header-main-stick-meta":"","header-below-stick-meta":"","astra-migrate-meta-layouts":"set","ast-page-background-enabled":"default","ast-page-background-meta":{"desktop":{"background-color":"","background-image":"","background-repeat":"repeat","background-position":"center center","background-size":"auto","background-attachment":"scroll","background-type":"","background-media":"","overlay-type":"","overlay-color":"","overlay-opacity":"","overlay-gradient":""},"tablet":{"background-color":"","background-image":"","background-repeat":"repeat","background-position":"center center","background-size":"auto","background-attachment":"scroll","background-type":"","background-media":"","overlay-type":"","overlay-color":"","overlay-opacity":"","overlay-gradient":""},"mobile":{"background-color":"","background-image":"","background-repeat":"repeat","background-position":"center center","background-size":"auto","background-attachment":"scroll","background-type":"","background-media":"","overlay-type":"","overlay-color":"","overlay-opacity":"","overlay-gradient":""}},"ast-content-background-meta":{"desktop":{"background-color":"var(--ast-global-color-5)","background-image":"","background-repeat":"repeat","background-position":"center center","background-size":"auto","background-attachment":"scroll","background-type":"","background-media":"","overlay-type":"","overlay-color":"","overlay-opacity":"","overlay-gradient":""},"tablet":{"background-color":"var(--ast-global-color-5)","background-image":"","background-repeat":"repeat","background-position":"center center","background-size":"auto","background-attachment":"scroll","background-type":"","background-media":"","overlay-type":"","overlay-color":"","overlay-opacity":"","overlay-gradient":""},"mobile":{"background-color":"var(--ast-global-color-5)","background-image":"","background-repeat":"repeat","background-position":"center center","background-size":"auto","background-attachment":"scroll","background-type":"","background-media":"","overlay-type":"","overlay-color":"","overlay-opacity":"","overlay-gradient":""}},"footnotes":""},"class_list":["post-7038","page","type-page","status-publish","hentry"],"_links":{"self":[{"href":"https:\/\/ntval.com\/fr\/wp-json\/wp\/v2\/pages\/7038","targetHints":{"allow":["GET"]}}],"collection":[{"href":"https:\/\/ntval.com\/fr\/wp-json\/wp\/v2\/pages"}],"about":[{"href":"https:\/\/ntval.com\/fr\/wp-json\/wp\/v2\/types\/page"}],"author":[{"embeddable":true,"href":"https:\/\/ntval.com\/fr\/wp-json\/wp\/v2\/users\/9"}],"replies":[{"embeddable":true,"href":"https:\/\/ntval.com\/fr\/wp-json\/wp\/v2\/comments?post=7038"}],"version-history":[{"count":0,"href":"https:\/\/ntval.com\/fr\/wp-json\/wp\/v2\/pages\/7038\/revisions"}],"wp:attachment":[{"href":"https:\/\/ntval.com\/fr\/wp-json\/wp\/v2\/media?parent=7038"}],"curies":[{"name":"wp","href":"https:\/\/api.w.org\/{rel}","templated":true}]}}