{"id":3,"date":"2023-09-29T06:39:31","date_gmt":"2023-09-29T06:39:31","guid":{"rendered":"https:\/\/ntval.com\/?page_id=3"},"modified":"2024-10-25T05:41:33","modified_gmt":"2024-10-25T05:41:33","slug":"privacy-policy","status":"publish","type":"page","link":"https:\/\/ntval.com\/fr\/privacy-policy\/","title":{"rendered":"Politique de confidentialit\u00e9"},"content":{"rendered":"<div data-elementor-type=\"wp-page\" data-elementor-id=\"3\" class=\"elementor elementor-3\" data-elementor-post-type=\"page\">\n\t\t\t\t<div class=\"elementor-element elementor-element-e2109cf hero-3-text-instead-of-buttons-block e-flex e-con-boxed e-con e-child\" data-id=\"e2109cf\" data-element_type=\"container\" data-e-type=\"container\" data-settings=\"{&quot;background_background&quot;:&quot;classic&quot;}\">\n\t\t\t\t\t<div class=\"e-con-inner\">\n\t\t<div class=\"elementor-element elementor-element-fda13a2 e-flex e-con-boxed e-con e-child\" data-id=\"fda13a2\" data-element_type=\"container\" data-e-type=\"container\">\n\t\t\t\t\t<div class=\"e-con-inner\">\n\t\t\t\t<div class=\"elementor-element elementor-element-0d55302 elementor-widget elementor-widget-heading\" data-id=\"0d55302\" data-element_type=\"widget\" data-e-type=\"widget\" data-widget_type=\"heading.default\">\n\t\t\t\t\t<h2 class=\"elementor-heading-title elementor-size-default\">Politique de confidentialit\u00e9<\/h2>\t\t\t\t<\/div>\n\t\t\t\t\t<\/div>\n\t\t\t\t<\/div>\n\t\t\t\t\t<\/div>\n\t\t\t\t<\/div>\n\t\t<div class=\"elementor-element elementor-element-d8918d1 e-flex e-con-boxed e-con e-parent\" data-id=\"d8918d1\" data-element_type=\"container\" data-e-type=\"container\">\n\t\t\t\t\t<div class=\"e-con-inner\">\n\t\t\t\t<div class=\"elementor-element elementor-element-7327e2f2 elementor-widget elementor-widget-text-editor\" data-id=\"7327e2f2\" data-element_type=\"widget\" data-e-type=\"widget\" data-widget_type=\"text-editor.default\">\n\t\t\t\t\t\t\t\t\t\n<h2 class=\"wp-block-heading\">Qui sommes-nous<\/h2>\n\n<p><strong class=\"privacy-policy-tutorial\">Texte sugg\u00e9r\u00e9 : <\/strong>L'adresse de notre site Web est : https:\/\/ntval.com<\/p>\n\n<h2 class=\"wp-block-heading\">Commentaires<\/h2>\n\n<p><strong class=\"privacy-policy-tutorial\">Texte sugg\u00e9r\u00e9 : <\/strong>Lorsque les visiteurs laissent des commentaires sur le site, nous recueillons les donn\u00e9es affich\u00e9es dans le formulaire de commentaires, ainsi que l'adresse IP du visiteur et la cha\u00eene de l'agent utilisateur du navigateur pour aider \u00e0 la d\u00e9tection des spams.<\/p>\n\n<p>Une cha\u00eene anonymis\u00e9e cr\u00e9\u00e9e \u00e0 partir de votre adresse e-mail (\u00e9galement appel\u00e9e hash) peut \u00eatre fournie au service Gravatar pour v\u00e9rifier si vous l'utilisez. La politique de confidentialit\u00e9 du service Gravatar est disponible ici : https:\/\/automattic.com\/privacy\/. Apr\u00e8s approbation de votre commentaire, votre photo de profil est visible par le<\/p>\n\n<h2 class=\"wp-block-heading\">Les m\u00e9dias<\/h2>\n\n<p><strong class=\"privacy-policy-tutorial\">Texte sugg\u00e9r\u00e9 : <\/strong>Si vous t\u00e9l\u00e9chargez des images sur le site web, vous devez \u00e9viter de t\u00e9l\u00e9charger des images contenant des donn\u00e9es de localisation int\u00e9gr\u00e9es (EXIF GPS). Les visiteurs du site web peuvent t\u00e9l\u00e9charger et extraire toutes les donn\u00e9es de localisation des images pr\u00e9sentes sur le site.<\/p>\n\n<h2 class=\"wp-block-heading\">Cookies<\/h2>\n\n<p><strong class=\"privacy-policy-tutorial\">Texte sugg\u00e9r\u00e9 : <\/strong>Si vous laissez un commentaire sur notre site, vous pouvez choisir d'enregistrer votre nom, votre adresse e-mail et votre site web dans des cookies. C'est pour votre commodit\u00e9 afin que vous n'ayez pas \u00e0 remplir \u00e0 nouveau vos coordonn\u00e9es lorsque vous laissez un autre commentaire. Ces cookies dureront un an.<\/p>\n\n<p>Si vous visitez notre page de connexion, nous installerons un cookie temporaire pour d\u00e9terminer si votre navigateur accepte les cookies. Ce cookie ne contient aucune donn\u00e9e personnelle et est supprim\u00e9 lorsque vous fermez votre navigateur.<\/p>\n\n<p>Lorsque vous vous connectez, nous mettrons \u00e9galement en place plusieurs cookies pour enregistrer vos informations de connexion et vos choix d'affichage \u00e0 l'\u00e9cran. Les cookies de connexion durent deux jours et les cookies d'options d'\u00e9cran durent un an. Si vous s\u00e9lectionnez \u00ab Se souvenir de moi \u00bb, votre connexion persistera pendant deux semaines. Si vous vous d\u00e9connectez de votre compte, les cookies de connexion seront supprim\u00e9s.<\/p>\n\n<p>Si vous modifiez ou publiez un article, un cookie suppl\u00e9mentaire sera enregistr\u00e9 dans votre navigateur. Ce cookie ne contient aucune donn\u00e9e personnelle et indique simplement l'ID de l'article que vous venez de modifier. Il expire apr\u00e8s 1 jour.<\/p>\n\n<h2 class=\"wp-block-heading\">Contenu int\u00e9gr\u00e9 d'autres sites web<\/h2>\n\n<p><strong class=\"privacy-policy-tutorial\">Texte sugg\u00e9r\u00e9 : <\/strong>Les articles de ce site peuvent inclure du contenu int\u00e9gr\u00e9 (par exemple, des vid\u00e9os, des images, des articles, etc.). Le contenu int\u00e9gr\u00e9 d'autres sites web se comporte exactement de la m\u00eame mani\u00e8re que si le visiteur avait visit\u00e9 l'autre site web.<\/p>\n\n<p>Ces sites web peuvent collecter des donn\u00e9es vous concernant, utiliser des cookies, int\u00e9grer un suivi tiers suppl\u00e9mentaire et surveiller votre interaction avec ce contenu int\u00e9gr\u00e9, y compris le suivi de votre interaction avec le contenu int\u00e9gr\u00e9 si vous avez un compte et \u00eates connect\u00e9 \u00e0 ce site web.<\/p>\n\n<h2 class=\"wp-block-heading\">Avec qui nous partageons vos donn\u00e9es<\/h2>\n\n<p><strong class=\"privacy-policy-tutorial\">Texte sugg\u00e9r\u00e9 : <\/strong>Si vous demandez une r\u00e9initialisation de mot de passe, votre adresse IP sera incluse dans l'e-mail de r\u00e9initialisation.<\/p>\n\n<h2 class=\"wp-block-heading\">Combien de temps nous conservons vos donn\u00e9es<\/h2>\n\n<p><strong class=\"privacy-policy-tutorial\">Texte sugg\u00e9r\u00e9 : <\/strong>Si vous laissez un commentaire, le commentaire et ses m\u00e9tadonn\u00e9es sont conserv\u00e9s ind\u00e9finiment. Cela nous permet de reconna\u00eetre et d'approuver automatiquement les commentaires de suivi au lieu de les maintenir dans une file d'attente de mod\u00e9ration.<\/p>\n\n<p>Pour les utilisateurs qui s'inscrivent sur notre site web (le cas \u00e9ch\u00e9ant), nous stockons \u00e9galement les informations personnelles qu'ils fournissent dans leur profil d'utilisateur. Tous les utilisateurs peuvent consulter, modifier ou supprimer leurs informations personnelles \u00e0 tout moment (sauf qu'ils ne peuvent pas changer leur nom d'utilisateur). Les administrateurs du site web peuvent \u00e9galement consulter et modifier ces informations.<\/p>\n\n<h2 class=\"wp-block-heading\">Quels droits vous avez sur vos donn\u00e9es<\/h2>\n\n<p><strong class=\"privacy-policy-tutorial\">Texte sugg\u00e9r\u00e9 : <\/strong>Si vous avez un compte sur ce site, ou si vous avez laiss\u00e9 des commentaires, vous pouvez demander \u00e0 recevoir un fichier export\u00e9 des donn\u00e9es personnelles que nous d\u00e9tenons \u00e0 votre sujet, y compris toutes les donn\u00e9es que vous nous avez fournies. Vous pouvez \u00e9galement demander que nous effacions toutes les donn\u00e9es personnelles que nous d\u00e9tenons \u00e0 votre sujet. Cela n'inclut pas les donn\u00e9es que nous sommes oblig\u00e9s de conserver \u00e0 des fins administratives, l\u00e9gales ou de s\u00e9curit\u00e9.<\/p>\n\n<h2 class=\"wp-block-heading\">O\u00f9 vos donn\u00e9es sont envoy\u00e9es<\/h2>\n\n<p><strong class=\"privacy-policy-tutorial\">Texte sugg\u00e9r\u00e9 : <\/strong>Les commentaires des visiteurs peuvent \u00eatre v\u00e9rifi\u00e9s par un service automatis\u00e9 de d\u00e9tection de spam.<\/p>\n\t\t\t\t\t\t\t\t<\/div>\n\t\t\t\t\t<\/div>\n\t\t\t\t<\/div>\n\t\t\t\t<\/div>","protected":false},"excerpt":{"rendered":"<p>Privacy Policy Who we are Suggested text: Our website address is: https:\/\/ntval.com Comments Suggested text: When visitors leave comments on the site we collect the data shown in the comments form, and also the visitor\u2019s IP address and browser user agent string to help spam detection. An anonymized string created from your email address (also [&hellip;]<\/p>\n","protected":false},"author":9,"featured_media":0,"parent":0,"menu_order":0,"comment_status":"closed","ping_status":"closed","template":"elementor_header_footer","meta":{"site-sidebar-layout":"default","site-content-layout":"","ast-site-content-layout":"","site-content-style":"default","site-sidebar-style":"default","ast-global-header-display":"","ast-banner-title-visibility":"","ast-main-header-display":"","ast-hfb-above-header-display":"","ast-hfb-below-header-display":"","ast-hfb-mobile-header-display":"","site-post-title":"","ast-breadcrumbs-content":"","ast-featured-img":"","footer-sml-layout":"","theme-transparent-header-meta":"","adv-header-id-meta":"","stick-header-meta":"","header-above-stick-meta":"","header-main-stick-meta":"","header-below-stick-meta":"","astra-migrate-meta-layouts":"default","ast-page-background-enabled":"default","ast-page-background-meta":{"desktop":{"background-color":"","background-image":"","background-repeat":"repeat","background-position":"center center","background-size":"auto","background-attachment":"scroll","background-type":"","background-media":"","overlay-type":"","overlay-color":"","overlay-opacity":"","overlay-gradient":""},"tablet":{"background-color":"","background-image":"","background-repeat":"repeat","background-position":"center center","background-size":"auto","background-attachment":"scroll","background-type":"","background-media":"","overlay-type":"","overlay-color":"","overlay-opacity":"","overlay-gradient":""},"mobile":{"background-color":"","background-image":"","background-repeat":"repeat","background-position":"center center","background-size":"auto","background-attachment":"scroll","background-type":"","background-media":"","overlay-type":"","overlay-color":"","overlay-opacity":"","overlay-gradient":""}},"ast-content-background-meta":{"desktop":{"background-color":"var(--ast-global-color-5)","background-image":"","background-repeat":"repeat","background-position":"center center","background-size":"auto","background-attachment":"scroll","background-type":"","background-media":"","overlay-type":"","overlay-color":"","overlay-opacity":"","overlay-gradient":""},"tablet":{"background-color":"var(--ast-global-color-5)","background-image":"","background-repeat":"repeat","background-position":"center center","background-size":"auto","background-attachment":"scroll","background-type":"","background-media":"","overlay-type":"","overlay-color":"","overlay-opacity":"","overlay-gradient":""},"mobile":{"background-color":"var(--ast-global-color-5)","background-image":"","background-repeat":"repeat","background-position":"center center","background-size":"auto","background-attachment":"scroll","background-type":"","background-media":"","overlay-type":"","overlay-color":"","overlay-opacity":"","overlay-gradient":""}},"footnotes":""},"class_list":["post-3","page","type-page","status-publish","hentry"],"_links":{"self":[{"href":"https:\/\/ntval.com\/fr\/wp-json\/wp\/v2\/pages\/3","targetHints":{"allow":["GET"]}}],"collection":[{"href":"https:\/\/ntval.com\/fr\/wp-json\/wp\/v2\/pages"}],"about":[{"href":"https:\/\/ntval.com\/fr\/wp-json\/wp\/v2\/types\/page"}],"author":[{"embeddable":true,"href":"https:\/\/ntval.com\/fr\/wp-json\/wp\/v2\/users\/9"}],"replies":[{"embeddable":true,"href":"https:\/\/ntval.com\/fr\/wp-json\/wp\/v2\/comments?post=3"}],"version-history":[{"count":0,"href":"https:\/\/ntval.com\/fr\/wp-json\/wp\/v2\/pages\/3\/revisions"}],"wp:attachment":[{"href":"https:\/\/ntval.com\/fr\/wp-json\/wp\/v2\/media?parent=3"}],"curies":[{"name":"wp","href":"https:\/\/api.w.org\/{rel}","templated":true}]}}